{"id":1532,"date":"2023-11-26T17:58:02","date_gmt":"2023-11-26T17:58:02","guid":{"rendered":"http:\/\/new.richardsmotelfamilyoflodgings.com\/divi\/habitaciones\/"},"modified":"2024-06-28T06:27:32","modified_gmt":"2024-06-28T06:27:32","slug":"habitaciones","status":"publish","type":"page","link":"https:\/\/greenseasmotel.com\/es\/habitaciones\/","title":{"rendered":"Habitaciones"},"content":{"rendered":"<p>[et_pb_section fb_built=\u00bb1&#8243; _builder_version=\u00bb4.23.1&#8243; _module_preset=\u00bbdefault\u00bb global_colors_info=\u00bb{}\u00bb][et_pb_row _builder_version=\u00bb4.23.1&#8243; _module_preset=\u00bbdefault\u00bb global_colors_info=\u00bb{}\u00bb][et_pb_column type=\u00bb4_4&#8243; _builder_version=\u00bb4.23.1&#8243; _module_preset=\u00bbdefault\u00bb global_colors_info=\u00bb{}\u00bb][et_pb_text _builder_version=\u00bb4.25.1&#8243; _module_preset=\u00bbdefault\u00bb global_colors_info=\u00bb{}\u00bb]<\/p>\n<p>&nbsp;<\/p>\n<p class=\"has-text-align-center\"><strong>Todas las habitaciones del Motel Green Seas<\/strong><\/p>\n<p>&nbsp;<\/p>\n<p>En el Motel Green Seas encontrar\u00e1s habitaciones adaptadas a tus necesidades.<\/p>\n<p>Limpieza diaria incluida en el precio de la habitaci\u00f3n.<\/p>\n<p>Disfruta de la piscina para relajarte, los discapacitados no han sido olvidados ya que la silla autom\u00e1tica les permitir\u00e1 nadar como los dem\u00e1s.<\/p>\n<p>A continuaci\u00f3n fotos de diferentes habitaciones, no dudes en enviarnos un mensaje por<span> <\/span><a href=\"https:\/\/dev.greenseasmotel.com\/es\/pongase-en-contacto-con\/\">Formulario de contacto<\/a><\/p>\n<p>o ll\u00e1manos al <strong>1-954-923-6564<\/strong><span> <\/span> para reservar tu pr\u00f3xima estancia junto a Miami tiene un precio muy asequible &#8230;<\/p>\n<p>&nbsp;<\/p>\n<p>[\/et_pb_text][\/et_pb_column][\/et_pb_row][et_pb_row _builder_version=\u00bb4.23.4&#8243; _module_preset=\u00bbdefault\u00bb global_colors_info=\u00bb{}\u00bb][et_pb_column type=\u00bb4_4&#8243; _builder_version=\u00bb4.23.4&#8243; _module_preset=\u00bbdefault\u00bb global_colors_info=\u00bb{}\u00bb][et_pb_post_slider include_categories=\u00bb7&#8243; orderby=\u00bbtitle_asc\u00bb use_manual_excerpt=\u00bboff\u00bb show_meta=\u00bboff\u00bb bg_overlay_color=\u00bbrgba(255,255,255,0.2)\u00bb use_text_overlay=\u00bboff\u00bb show_image_video_mobile=\u00bbon\u00bb arrows_custom_color=\u00bb#FFFFFF\u00bb dot_nav_custom_color=\u00bb#7fbf01&#8243; _builder_version=\u00bb4.23.4&#8243; _module_preset=\u00bbdefault\u00bb header_font=\u00bbABeeZee||||||||\u00bb body_font=\u00bbABeeZee||||||||\u00bb custom_button=\u00bbon\u00bb button_border_color=\u00bb#7fbf01&#8243; button_border_radius=\u00bb25px\u00bb button_letter_spacing=\u00bb5px\u00bb button_font=\u00bbABeeZee||||||||\u00bb button_use_icon=\u00bboff\u00bb button_custom_margin_tablet=\u00bb\u00bb button_custom_margin_phone=\u00bb\u00bb button_custom_margin_last_edited=\u00bbon|phone\u00bb button_custom_padding=\u00bb0px|10px|0px|10px|false|false\u00bb auto=\u00bbon\u00bb auto_speed=\u00bb4000&#8243; button_border_width_tablet=\u00bb\u00bb button_border_width_phone=\u00bb\u00bb button_border_width_last_edited=\u00bbon|desktop\u00bb button_letter_spacing_tablet=\u00bb2px\u00bb button_letter_spacing_phone=\u00bb2px\u00bb button_letter_spacing_last_edited=\u00bbon|phone\u00bb box_shadow_style=\u00bbpreset1&#8243; global_colors_info=\u00bb{}\u00bb][\/et_pb_post_slider][\/et_pb_column][\/et_pb_row][et_pb_row _builder_version=\u00bb4.25.1&#8243; _module_preset=\u00bbdefault\u00bb custom_margin=\u00bb30px||||false|false\u00bb global_colors_info=\u00bb{}\u00bb][et_pb_column type=\u00bb4_4&#8243; _builder_version=\u00bb4.25.1&#8243; _module_preset=\u00bbdefault\u00bb global_colors_info=\u00bb{}\u00bb][et_pb_image src=\u00bbhttps:\/\/greenseasmotel.com\/wp-content\/uploads\/2024\/06\/Layouts_green_seas-1-scaled.jpg\u00bb title_text=\u00bbLayouts_mar_verde\u00bb _builder_version=\u00bb4.25.2&#8243; _module_preset=\u00bbdefault\u00bb hover_enabled=\u00bb0&#8243; box_shadow_style=\u00bbpreset1&#8243; global_colors_info=\u00bb{}\u00bb sticky_enabled=\u00bb0&#8243;][\/et_pb_image][\/et_pb_column][\/et_pb_row][\/et_pb_section]<\/p>\n","protected":false},"excerpt":{"rendered":"<p>&nbsp; Todas las habitaciones del Motel Green Seas &nbsp; En el Motel Green Seas encontrar\u00e1s habitaciones adaptadas a tus necesidades. Limpieza diaria incluida en el precio de la habitaci\u00f3n. Disfruta de la piscina para relajarte, los discapacitados no han sido olvidados ya que la silla autom\u00e1tica les permitir\u00e1 nadar como los dem\u00e1s. A continuaci\u00f3n fotos [&hellip;]<\/p>\n","protected":false},"author":1,"featured_media":0,"parent":0,"menu_order":0,"comment_status":"closed","ping_status":"closed","template":"","meta":{"_et_pb_use_builder":"on","_et_pb_old_content":"","_et_gb_content_width":"","_monsterinsights_skip_tracking":false,"_monsterinsights_sitenote_active":false,"_monsterinsights_sitenote_note":"","_monsterinsights_sitenote_category":0,"footnotes":""},"class_list":["post-1532","page","type-page","status-publish","hentry"],"yoast_head":"<!-- This site is optimized with the Yoast SEO plugin v27.3 - https:\/\/yoast.com\/product\/yoast-seo-wordpress\/ -->\n<title>Habitaciones - Green Seas Motel<\/title>\n<meta name=\"robots\" content=\"index, follow, max-snippet:-1, max-image-preview:large, max-video-preview:-1\" \/>\n<link rel=\"canonical\" href=\"https:\/\/greenseasmotel.com\/es\/habitaciones\/\" \/>\n<meta property=\"og:locale\" content=\"es_ES\" \/>\n<meta property=\"og:type\" content=\"article\" \/>\n<meta property=\"og:title\" content=\"Habitaciones - Green Seas Motel\" \/>\n<meta property=\"og:description\" content=\"&nbsp; Todas las habitaciones del Motel Green Seas &nbsp; En el Motel Green Seas encontrar\u00e1s habitaciones adaptadas a tus necesidades. Limpieza diaria incluida en el precio de la habitaci\u00f3n. Disfruta de la piscina para relajarte, los discapacitados no han sido olvidados ya que la silla autom\u00e1tica les permitir\u00e1 nadar como los dem\u00e1s. A continuaci\u00f3n fotos [&hellip;]\" \/>\n<meta property=\"og:url\" content=\"https:\/\/greenseasmotel.com\/es\/habitaciones\/\" \/>\n<meta property=\"og:site_name\" content=\"Green Seas Motel\" \/>\n<meta property=\"article:modified_time\" content=\"2024-06-28T06:27:32+00:00\" \/>\n<meta name=\"twitter:card\" content=\"summary_large_image\" \/>\n<meta name=\"twitter:label1\" content=\"Tiempo de lectura\" \/>\n\t<meta name=\"twitter:data1\" content=\"2 minutos\" \/>\n<script type=\"application\/ld+json\" class=\"yoast-schema-graph\">{\"@context\":\"https:\\\/\\\/schema.org\",\"@graph\":[{\"@type\":\"WebPage\",\"@id\":\"https:\\\/\\\/greenseasmotel.com\\\/es\\\/habitaciones\\\/\",\"url\":\"https:\\\/\\\/greenseasmotel.com\\\/es\\\/habitaciones\\\/\",\"name\":\"Habitaciones - Green Seas Motel\",\"isPartOf\":{\"@id\":\"https:\\\/\\\/greenseasmotel.com\\\/es\\\/#website\"},\"datePublished\":\"2023-11-26T17:58:02+00:00\",\"dateModified\":\"2024-06-28T06:27:32+00:00\",\"breadcrumb\":{\"@id\":\"https:\\\/\\\/greenseasmotel.com\\\/es\\\/habitaciones\\\/#breadcrumb\"},\"inLanguage\":\"es\",\"potentialAction\":[{\"@type\":\"ReadAction\",\"target\":[\"https:\\\/\\\/greenseasmotel.com\\\/es\\\/habitaciones\\\/\"]}]},{\"@type\":\"BreadcrumbList\",\"@id\":\"https:\\\/\\\/greenseasmotel.com\\\/es\\\/habitaciones\\\/#breadcrumb\",\"itemListElement\":[{\"@type\":\"ListItem\",\"position\":1,\"name\":\"Home\",\"item\":\"https:\\\/\\\/greenseasmotel.com\\\/es\\\/inicio\\\/\"},{\"@type\":\"ListItem\",\"position\":2,\"name\":\"Habitaciones\"}]},{\"@type\":\"WebSite\",\"@id\":\"https:\\\/\\\/greenseasmotel.com\\\/es\\\/#website\",\"url\":\"https:\\\/\\\/greenseasmotel.com\\\/es\\\/\",\"name\":\"Green Seas Motel\",\"description\":\"\",\"publisher\":{\"@id\":\"https:\\\/\\\/greenseasmotel.com\\\/es\\\/#organization\"},\"potentialAction\":[{\"@type\":\"SearchAction\",\"target\":{\"@type\":\"EntryPoint\",\"urlTemplate\":\"https:\\\/\\\/greenseasmotel.com\\\/es\\\/?s={search_term_string}\"},\"query-input\":{\"@type\":\"PropertyValueSpecification\",\"valueRequired\":true,\"valueName\":\"search_term_string\"}}],\"inLanguage\":\"es\"},{\"@type\":\"Organization\",\"@id\":\"https:\\\/\\\/greenseasmotel.com\\\/es\\\/#organization\",\"name\":\"Green Seas Motel\",\"url\":\"https:\\\/\\\/greenseasmotel.com\\\/es\\\/\",\"logo\":{\"@type\":\"ImageObject\",\"inLanguage\":\"es\",\"@id\":\"https:\\\/\\\/greenseasmotel.com\\\/es\\\/#\\\/schema\\\/logo\\\/image\\\/\",\"url\":\"https:\\\/\\\/greenseasmotel.com\\\/wp-content\\\/uploads\\\/2024\\\/06\\\/Green-Seas-Motel-logo.png\",\"contentUrl\":\"https:\\\/\\\/greenseasmotel.com\\\/wp-content\\\/uploads\\\/2024\\\/06\\\/Green-Seas-Motel-logo.png\",\"width\":300,\"height\":211,\"caption\":\"Green Seas Motel\"},\"image\":{\"@id\":\"https:\\\/\\\/greenseasmotel.com\\\/es\\\/#\\\/schema\\\/logo\\\/image\\\/\"}}]}<\/script>\n<!-- \/ Yoast SEO plugin. -->","yoast_head_json":{"title":"Habitaciones - Green Seas Motel","robots":{"index":"index","follow":"follow","max-snippet":"max-snippet:-1","max-image-preview":"max-image-preview:large","max-video-preview":"max-video-preview:-1"},"canonical":"https:\/\/greenseasmotel.com\/es\/habitaciones\/","og_locale":"es_ES","og_type":"article","og_title":"Habitaciones - Green Seas Motel","og_description":"&nbsp; Todas las habitaciones del Motel Green Seas &nbsp; En el Motel Green Seas encontrar\u00e1s habitaciones adaptadas a tus necesidades. Limpieza diaria incluida en el precio de la habitaci\u00f3n. Disfruta de la piscina para relajarte, los discapacitados no han sido olvidados ya que la silla autom\u00e1tica les permitir\u00e1 nadar como los dem\u00e1s. A continuaci\u00f3n fotos [&hellip;]","og_url":"https:\/\/greenseasmotel.com\/es\/habitaciones\/","og_site_name":"Green Seas Motel","article_modified_time":"2024-06-28T06:27:32+00:00","twitter_card":"summary_large_image","twitter_misc":{"Tiempo de lectura":"2 minutos"},"schema":{"@context":"https:\/\/schema.org","@graph":[{"@type":"WebPage","@id":"https:\/\/greenseasmotel.com\/es\/habitaciones\/","url":"https:\/\/greenseasmotel.com\/es\/habitaciones\/","name":"Habitaciones - Green Seas Motel","isPartOf":{"@id":"https:\/\/greenseasmotel.com\/es\/#website"},"datePublished":"2023-11-26T17:58:02+00:00","dateModified":"2024-06-28T06:27:32+00:00","breadcrumb":{"@id":"https:\/\/greenseasmotel.com\/es\/habitaciones\/#breadcrumb"},"inLanguage":"es","potentialAction":[{"@type":"ReadAction","target":["https:\/\/greenseasmotel.com\/es\/habitaciones\/"]}]},{"@type":"BreadcrumbList","@id":"https:\/\/greenseasmotel.com\/es\/habitaciones\/#breadcrumb","itemListElement":[{"@type":"ListItem","position":1,"name":"Home","item":"https:\/\/greenseasmotel.com\/es\/inicio\/"},{"@type":"ListItem","position":2,"name":"Habitaciones"}]},{"@type":"WebSite","@id":"https:\/\/greenseasmotel.com\/es\/#website","url":"https:\/\/greenseasmotel.com\/es\/","name":"Green Seas Motel","description":"","publisher":{"@id":"https:\/\/greenseasmotel.com\/es\/#organization"},"potentialAction":[{"@type":"SearchAction","target":{"@type":"EntryPoint","urlTemplate":"https:\/\/greenseasmotel.com\/es\/?s={search_term_string}"},"query-input":{"@type":"PropertyValueSpecification","valueRequired":true,"valueName":"search_term_string"}}],"inLanguage":"es"},{"@type":"Organization","@id":"https:\/\/greenseasmotel.com\/es\/#organization","name":"Green Seas Motel","url":"https:\/\/greenseasmotel.com\/es\/","logo":{"@type":"ImageObject","inLanguage":"es","@id":"https:\/\/greenseasmotel.com\/es\/#\/schema\/logo\/image\/","url":"https:\/\/greenseasmotel.com\/wp-content\/uploads\/2024\/06\/Green-Seas-Motel-logo.png","contentUrl":"https:\/\/greenseasmotel.com\/wp-content\/uploads\/2024\/06\/Green-Seas-Motel-logo.png","width":300,"height":211,"caption":"Green Seas Motel"},"image":{"@id":"https:\/\/greenseasmotel.com\/es\/#\/schema\/logo\/image\/"}}]}},"_links":{"self":[{"href":"https:\/\/greenseasmotel.com\/es\/wp-json\/wp\/v2\/pages\/1532","targetHints":{"allow":["GET"]}}],"collection":[{"href":"https:\/\/greenseasmotel.com\/es\/wp-json\/wp\/v2\/pages"}],"about":[{"href":"https:\/\/greenseasmotel.com\/es\/wp-json\/wp\/v2\/types\/page"}],"author":[{"embeddable":true,"href":"https:\/\/greenseasmotel.com\/es\/wp-json\/wp\/v2\/users\/1"}],"replies":[{"embeddable":true,"href":"https:\/\/greenseasmotel.com\/es\/wp-json\/wp\/v2\/comments?post=1532"}],"version-history":[{"count":19,"href":"https:\/\/greenseasmotel.com\/es\/wp-json\/wp\/v2\/pages\/1532\/revisions"}],"predecessor-version":[{"id":3285,"href":"https:\/\/greenseasmotel.com\/es\/wp-json\/wp\/v2\/pages\/1532\/revisions\/3285"}],"wp:attachment":[{"href":"https:\/\/greenseasmotel.com\/es\/wp-json\/wp\/v2\/media?parent=1532"}],"curies":[{"name":"wp","href":"https:\/\/api.w.org\/{rel}","templated":true}]}}