{"id":1529,"date":"2023-11-26T17:55:25","date_gmt":"2023-11-26T17:55:25","guid":{"rendered":"http:\/\/new.richardsmotelfamilyoflodgings.com\/divi\/acerca-de-richards-motel\/"},"modified":"2024-07-04T13:35:34","modified_gmt":"2024-07-04T13:35:34","slug":"acerca-de-richards-motel","status":"publish","type":"page","link":"https:\/\/greenseasmotel.com\/es\/acerca-de-richards-motel\/","title":{"rendered":"Qui\u00e9nes somos &#8211; Descuentos &#8211; Pol\u00edticas"},"content":{"rendered":"<p>[et_pb_section fb_built=\u00bb1&#8243; _builder_version=\u00bb4.23.1&#8243; _module_preset=\u00bbdefault\u00bb global_colors_info=\u00bb{}\u00bb][et_pb_row _builder_version=\u00bb4.24.0&#8243; _module_preset=\u00bbdefault\u00bb custom_margin=\u00bb40px||||false|false\u00bb global_colors_info=\u00bb{}\u00bb][et_pb_column type=\u00bb4_4&#8243; _builder_version=\u00bb4.23.1&#8243; _module_preset=\u00bbdefault\u00bb global_colors_info=\u00bb{}\u00bb][et_pb_text _builder_version=\u00bb4.25.1&#8243; _module_preset=\u00bbdefault\u00bb header_3_font=\u00bbABeeZee||||||||\u00bb header_3_text_color=\u00bb#7fbf00&#8243; global_colors_info=\u00bb{}\u00bb]<\/p>\n<h3 style=\"text-align: justify;\">Sobre el Motel Green Seas<\/h3>\n<p>&nbsp;<\/p>\n<p><em><strong>Bienvenido al Motel Green Seas<\/strong><\/em><\/p>\n<p>&nbsp;<\/p>\n<p>La nueva direcci\u00f3n estar\u00e1 encantada de darte la bienvenida y ofrecerte un mejor servicio con <strong>recepci\u00f3n 24 horas<\/strong><\/p>\n<p>En el Motel Green Seas encontrar\u00e1s habitaciones adaptadas a tus necesidades.<\/p>\n<p><strong>La limpieza diaria est\u00e1 incluida en el precio de la habitaci\u00f3n<\/strong><\/p>\n<p>Disfruta de la piscina para relajarte, los discapacitados no han sido olvidados ya que la silla autom\u00e1tica les permitir\u00e1 nadar como los dem\u00e1s.<\/p>\n<p>El Green Seas tambi\u00e9n est\u00e1 cerca de la playa, tiendas justo al lado de una parada de autob\u00fas en la terminal de la l\u00ednea Hollywood Aeropuerto &#8211; Fort Lauderdale &lt;&gt; Aventura Mall<\/p>\n<p>y muchos carriles peatonales.<\/p>\n<p>&nbsp;<\/p>\n<p>Ll\u00e1manos ahora para reservar tu pr\u00f3xima estancia junto a Miami tiene un precio muy asequible &#8230;<\/p>\n<p>&nbsp;<\/p>\n<p style=\"text-align: justify;\">*Televisi\u00f3n francesa: consulte la secci\u00f3n siguiente relativa al servicio de televisi\u00f3n francesa. Esencialmente, debemos recordar que ya no hay servicio de antena. El servicio disponible puede interrumpirse en cualquier momento porque est\u00e1 directamente vinculado al wifi. Requiere un reinicio (a menudo manual) que no es instant\u00e1neo. Gracias por su comprensi\u00f3n.<\/p>\n<p>[\/et_pb_text][\/et_pb_column][\/et_pb_row][et_pb_row _builder_version=\u00bb4.24.0&#8243; _module_preset=\u00bbdefault\u00bb custom_margin=\u00bb40px||||false|false\u00bb global_colors_info=\u00bb{}\u00bb][et_pb_column type=\u00bb4_4&#8243; _builder_version=\u00bb4.23.1&#8243; _module_preset=\u00bbdefault\u00bb global_colors_info=\u00bb{}\u00bb][et_pb_text _builder_version=\u00bb4.24.0&#8243; _module_preset=\u00bbdefault\u00bb header_3_font=\u00bbABeeZee||||||||\u00bb header_3_text_color=\u00bb#7fbf00&#8243; global_colors_info=\u00bb{}\u00bb]<\/p>\n<h3>Descuentos<\/h3>\n<p>&nbsp;<\/p>\n<ul>\n<li><strong>Descuento de \u00faltima hora<\/strong><\/li>\n<\/ul>\n<p>Disponible para los que se presenten sin reserva (que no es el escenario ideal en t\u00e9rminos de elecci\u00f3n)<\/p>\n<p>No se arriesgue a ver un \u00abNO HAY VACANTE\u00bb ese d\u00eda.<\/p>\n<ul>\n<li><strong>Descuento por larga estancia&#8230;<\/strong><\/li>\n<\/ul>\n<p>Si est\u00e1 planeando una larga estancia con nosotros, p\u00f3ngase en contacto con nuestro departamento de reservas para obtener una tarifa especial. Siempre un 15% de descuento para una estancia de invierno si se reserva ANTES del 31 de octubre anterior.<\/p>\n<ul>\n<li><strong>Quitanieves gratis.. <\/strong><\/li>\n<\/ul>\n<p>Cuando se aloja con nosotros, su coche nunca se encuentra enterrado en la nieve.<\/p>\n<p>&nbsp;<\/p>\n<p><em>*Todos los descuentos no son acumulables. <\/em><\/p>\n<p>[\/et_pb_text][\/et_pb_column][\/et_pb_row][et_pb_row _builder_version=\u00bb4.24.0&#8243; _module_preset=\u00bbdefault\u00bb custom_margin=\u00bb40px||||false|false\u00bb global_colors_info=\u00bb{}\u00bb][et_pb_column type=\u00bb4_4&#8243; _builder_version=\u00bb4.23.1&#8243; _module_preset=\u00bbdefault\u00bb global_colors_info=\u00bb{}\u00bb][et_pb_text _builder_version=\u00bb4.25.1&#8243; _module_preset=\u00bbdefault\u00bb header_3_font=\u00bbABeeZee||||||||\u00bb header_3_text_color=\u00bb#7fbf00&#8243; global_colors_info=\u00bb{}\u00bb]<\/p>\n<h3 style=\"text-align: justify;\"><\/h3>\n<h3 style=\"text-align: justify;\">Seguridad y protecci\u00f3n<\/h3>\n<p>&nbsp;<\/p>\n<p>Para su seguridad, nuestra propiedad ofrece las siguientes caracter\u00edsticas:<\/p>\n<p style=\"text-align: justify;\">Doble cerradura<br \/>C\u00e1maras de vigilancia<br \/>Gerente de guardia las 24 horas<br \/>Por su seguridad personal, lea lo siguiente<br \/>No admita a una persona desconocida (sin consentimiento)<br \/>Guarda bien tus llaves<br \/>No deje a los ni\u00f1os sin supervisi\u00f3n en la habitaci\u00f3n<br \/>No deje las ventanas abiertas durante la noche<br \/><span>No corra en las instalaciones, especialmente en la piscina<\/span><br \/><span>No hay socorrista en la piscina (consulte las normas de la piscina)<\/span><\/p>\n<p style=\"text-align: justify;\"><strong>Informaci\u00f3n general de seguridad:<\/strong><\/p>\n<p style=\"text-align: justify;\"><span>Mientras disfrutas de tu estancia en el Motel Green Seas del clima tropical y el tiempo c\u00e1lido, queremos que te sientas \u00abcomo en casa\u00bb mientras seas nuestro hu\u00e9sped. A pesar de la atenci\u00f3n que nuestro personal dedica a nuestros hu\u00e9spedes, para garantizar su seguridad y protecci\u00f3n, nuestro hotel est\u00e1 situado en la Federal Highway (US1) que es una calle muy transitada que atraviesa todo el estado de Florida. La Carretera Federal es el punto central de nuestro \u00abdestino de relax, sin embargo, debemos ser conscientes de nuestro entorno durante el d\u00eda y la noche. Esto incluye mantener la puerta de la habitaci\u00f3n del hotel cerrada con llave en todo momento, asegurarse de que todos los objetos de valor est\u00e1n escondidos y no se llevan con usted a las zonas de la piscina y el patio, cerrar todas las ventanas, utilizando la cerradura superior, cuando salga de su habitaci\u00f3n durante cualquier periodo de tiempo, y no abrir la puerta de la habitaci\u00f3n del hotel a nadie que no conozca, a menos que se haya identificado claramente ante usted.<\/span><\/p>\n<p style=\"text-align: justify;\"><strong>Cajas fuertes en las habitaciones:<\/strong><\/p>\n<p style=\"text-align: justify;\"><span>Para garantizar la seguridad de nuestros hu\u00e9spedes y de sus objetos de valor, hemos instalado cajas fuertes en la mayor\u00eda de nuestras unidades. Estamos esperando la llegada de cajas adicionales para asegurar que todas las unidades contienen una caja fuerte en la habitaci\u00f3n Su uso durante su estancia, adem\u00e1s de los esfuerzos de nuestro personal para garantizar la seguridad de nuestros hu\u00e9spedes, estas cajas fuertes en la habitaci\u00f3n ayudar\u00e1 a asegurar que sus objetos de valor est\u00e1n a salvo y su estancia con nosotros es m\u00e1s relajante y agradable.<\/span><\/p>\n<p style=\"text-align: justify;\"><strong>En cuanto al aparcamiento,<\/strong> <span>Hemos instalado iluminaci\u00f3n adecuada y vigilancia por v\u00eddeo, pero, para evitar problemas, cierra siempre con llave las puertas de tu coche y no dejes objetos de valor a la vista en tu veh\u00edculo. Nota: El Departamento de Bomberos y el Departamento de Polic\u00eda est\u00e1n a menos de una milla de distancia.<\/span><\/p>\n<p style=\"text-align: justify;\"><span>Hacemos todo lo posible por mantener seguras las instalaciones y a nuestros hu\u00e9spedes, mientras disfrutan de su estancia con nosotros. Nuestro personal profesional (de d\u00eda y de noche) se dedica continuamente a tu seguridad y actuar\u00e1 con rapidez si surge alg\u00fan problema. Si tienes alguna pregunta o duda sobre seguridad, puedes ponerte en contacto con nuestra Recepci\u00f3n, 24 horas al d\u00eda en  <\/span><a href=\"tel:954-921-6418\">954-921-6418<\/a><\/p>\n<p>[\/et_pb_text][\/et_pb_column][\/et_pb_row][et_pb_row _builder_version=\u00bb4.24.0&#8243; _module_preset=\u00bbdefault\u00bb custom_margin=\u00bb40px||||false|false\u00bb global_colors_info=\u00bb{}\u00bb][et_pb_column type=\u00bb4_4&#8243; _builder_version=\u00bb4.23.1&#8243; _module_preset=\u00bbdefault\u00bb global_colors_info=\u00bb{}\u00bb][et_pb_text _builder_version=\u00bb4.24.0&#8243; _module_preset=\u00bbdefault\u00bb header_3_font=\u00bbABeeZee||||||||\u00bb header_3_text_color=\u00bb#7fbf00&#8243; global_colors_info=\u00bb{}\u00bb]<\/p>\n<h3>Pol\u00edtica de limpieza<\/h3>\n<p>&nbsp;<\/p>\n<p><strong><u>Usted paga la tarifa diaria:<\/u><\/strong><br \/>Tienes servicio de habitaciones diario.<\/p>\n<p><strong><u>Usted paga la tarifa semanal:<\/u><\/strong><br \/>Tienes un servicio de habitaciones semanal (una vez a la semana).*<\/p>\n<p>*Se proporciona un gran servicio\/limpieza una vez a la semana s\u00f3lo con cambio de s\u00e1banas. Las toallas, el papel higi\u00e9nico y las pastillas de jab\u00f3n s\u00f3lo se proporcionar\u00e1n si se solicitan entre las 9.00 y las 16.00 horas. Es posible que se realice una inspecci\u00f3n diaria de las habitaciones y que el aire acondicionado se apague cuando no haya nadie en su interior.<\/p>\n<p>Si es necesario, se proporcionar\u00e1 una peque\u00f1a escoba, una fregona y art\u00edculos b\u00e1sicos de limpieza a petici\u00f3n de los interesados.<\/p>\n<p>&nbsp;<\/p>\n<p>[\/et_pb_text][\/et_pb_column][\/et_pb_row][et_pb_row _builder_version=\u00bb4.24.0&#8243; _module_preset=\u00bbdefault\u00bb custom_margin=\u00bb40px||||false|false\u00bb global_colors_info=\u00bb{}\u00bb][et_pb_column type=\u00bb4_4&#8243; _builder_version=\u00bb4.23.1&#8243; _module_preset=\u00bbdefault\u00bb global_colors_info=\u00bb{}\u00bb][et_pb_text _builder_version=\u00bb4.24.1&#8243; _module_preset=\u00bbdefault\u00bb header_3_font=\u00bbABeeZee||||||||\u00bb header_3_text_color=\u00bb#7fbf00&#8243; global_colors_info=\u00bb{}\u00bb]<\/p>\n<p style=\"text-align: justify;\"><strong>*TV EN FRANC\u00c9S \/ Se ofrece un servicio alternativo (temporal)<\/strong><\/p>\n<p style=\"text-align: justify;\">\n<p style=\"text-align: justify;\">El deseo de la direcci\u00f3n es seguir ofreciendo a sus clientes de Quebec el servicio de televisi\u00f3n en franc\u00e9s. Se est\u00e1n incrementando los esfuerzos en este sentido, pero la<br \/>La tecnolog\u00eda ya no responde a las expectativas, y los resultados se reflejan en grandes variaciones en la recepci\u00f3n. En una palabra, las diferentes<br \/>Los canales franceses pueden funcionar de forma intermitente o simplemente no estar sintonizados todo el tiempo.<br \/>Es importante recordar que, en estas condiciones, la direcci\u00f3n no se hace responsable de las variaciones y\/o interrupciones de los canales franceses. Nosotros<br \/>Pedimos indulgencia a nuestros clientes de Quebec ante este fen\u00f3meno.<\/p>\n<p style=\"text-align: justify;\">Lo que nos importa es hacerlo lo mejor posible dadas las circunstancias y esforzarnos al m\u00e1ximo.<\/p>\n<p style=\"text-align: justify;\">Los franc\u00f3fonos de Quebec vienen a Florida ante todo por el clima, el sol, la playa, las actividades, las excursiones, tanto mejor si es \u00abparcialmente\u00bb posible ver algunos programas.<\/p>\n<p style=\"text-align: justify;\"><strong>SI INTERRUMPE<\/strong><\/p>\n<p style=\"text-align: justify;\">En caso de interrupci\u00f3n o cierre de uno o varios canales, puede notific\u00e1rnoslo (con RESPETO), y nosotros nos encargaremos de hacer lo necesario para que los canales vuelvan a funcionar. Nuestras esperanzas se basan en los avances tecnol\u00f3gicos que alg\u00fan d\u00eda les permitir\u00e1n a ustedes, queridos clientes, utilizar sus tel\u00e9fonos inteligentes y hacerles independientes a la hora de acceder a los contenidos que se emitir\u00e1n en sus habitaciones (&amp; apartamentos), al igual que hacen ahora la mayor\u00eda de nuestros clientes estadounidenses, que simplemente emiten (en \u00abmirroring\u00bb) su tel\u00e9fono en los televisores de cada unidad.<br \/>La mejor manera de asegurarse de que ve los programas de Quebec en diferido es consultar con su distribuidor de cable de Quebec ANTES de su llegada para averiguar c\u00f3mo ver Tou.tv y otros de todo el mundo en su tableta.<\/p>\n<p style=\"text-align: justify;\"><em>Gracias por su indulgencia&#8230;<\/em><\/p>\n<p style=\"text-align: justify;\">[\/et_pb_text][\/et_pb_column][\/et_pb_row][\/et_pb_section]<\/p>\n","protected":false},"excerpt":{"rendered":"<p>Sobre el Motel Green Seas &nbsp; Bienvenido al Motel Green Seas &nbsp; La nueva direcci\u00f3n estar\u00e1 encantada de darte la bienvenida y ofrecerte un mejor servicio con recepci\u00f3n 24 horas En el Motel Green Seas encontrar\u00e1s habitaciones adaptadas a tus necesidades. La limpieza diaria est\u00e1 incluida en el precio de la habitaci\u00f3n Disfruta de la [&hellip;]<\/p>\n","protected":false},"author":1,"featured_media":0,"parent":0,"menu_order":0,"comment_status":"closed","ping_status":"closed","template":"","meta":{"_et_pb_use_builder":"on","_et_pb_old_content":"","_et_gb_content_width":"","_monsterinsights_skip_tracking":false,"_monsterinsights_sitenote_active":false,"_monsterinsights_sitenote_note":"","_monsterinsights_sitenote_category":0,"footnotes":""},"class_list":["post-1529","page","type-page","status-publish","hentry"],"yoast_head":"<!-- This site is optimized with the Yoast SEO plugin v27.3 - https:\/\/yoast.com\/product\/yoast-seo-wordpress\/ -->\n<title>Qui\u00e9nes somos - Descuentos - Pol\u00edticas - Green Seas Motel<\/title>\n<meta name=\"robots\" content=\"index, follow, max-snippet:-1, max-image-preview:large, max-video-preview:-1\" \/>\n<link rel=\"canonical\" href=\"https:\/\/greenseasmotel.com\/es\/acerca-de-richards-motel\/\" \/>\n<meta property=\"og:locale\" content=\"es_ES\" \/>\n<meta property=\"og:type\" content=\"article\" \/>\n<meta property=\"og:title\" content=\"Qui\u00e9nes somos - Descuentos - Pol\u00edticas - Green Seas Motel\" \/>\n<meta property=\"og:description\" content=\"Sobre el Motel Green Seas &nbsp; Bienvenido al Motel Green Seas &nbsp; La nueva direcci\u00f3n estar\u00e1 encantada de darte la bienvenida y ofrecerte un mejor servicio con recepci\u00f3n 24 horas En el Motel Green Seas encontrar\u00e1s habitaciones adaptadas a tus necesidades. La limpieza diaria est\u00e1 incluida en el precio de la habitaci\u00f3n Disfruta de la [&hellip;]\" \/>\n<meta property=\"og:url\" content=\"https:\/\/greenseasmotel.com\/es\/acerca-de-richards-motel\/\" \/>\n<meta property=\"og:site_name\" content=\"Green Seas Motel\" \/>\n<meta property=\"article:modified_time\" content=\"2024-07-04T13:35:34+00:00\" \/>\n<meta name=\"twitter:card\" content=\"summary_large_image\" \/>\n<meta name=\"twitter:label1\" content=\"Tiempo de lectura\" \/>\n\t<meta name=\"twitter:data1\" content=\"8 minutos\" \/>\n<script type=\"application\/ld+json\" class=\"yoast-schema-graph\">{\"@context\":\"https:\\\/\\\/schema.org\",\"@graph\":[{\"@type\":\"WebPage\",\"@id\":\"https:\\\/\\\/greenseasmotel.com\\\/es\\\/acerca-de-richards-motel\\\/\",\"url\":\"https:\\\/\\\/greenseasmotel.com\\\/es\\\/acerca-de-richards-motel\\\/\",\"name\":\"Qui\u00e9nes somos - Descuentos - Pol\u00edticas - Green Seas Motel\",\"isPartOf\":{\"@id\":\"https:\\\/\\\/greenseasmotel.com\\\/es\\\/#website\"},\"datePublished\":\"2023-11-26T17:55:25+00:00\",\"dateModified\":\"2024-07-04T13:35:34+00:00\",\"breadcrumb\":{\"@id\":\"https:\\\/\\\/greenseasmotel.com\\\/es\\\/acerca-de-richards-motel\\\/#breadcrumb\"},\"inLanguage\":\"es\",\"potentialAction\":[{\"@type\":\"ReadAction\",\"target\":[\"https:\\\/\\\/greenseasmotel.com\\\/es\\\/acerca-de-richards-motel\\\/\"]}]},{\"@type\":\"BreadcrumbList\",\"@id\":\"https:\\\/\\\/greenseasmotel.com\\\/es\\\/acerca-de-richards-motel\\\/#breadcrumb\",\"itemListElement\":[{\"@type\":\"ListItem\",\"position\":1,\"name\":\"Home\",\"item\":\"https:\\\/\\\/greenseasmotel.com\\\/es\\\/inicio\\\/\"},{\"@type\":\"ListItem\",\"position\":2,\"name\":\"Qui\u00e9nes somos &#8211; Descuentos &#8211; Pol\u00edticas\"}]},{\"@type\":\"WebSite\",\"@id\":\"https:\\\/\\\/greenseasmotel.com\\\/es\\\/#website\",\"url\":\"https:\\\/\\\/greenseasmotel.com\\\/es\\\/\",\"name\":\"Green Seas Motel\",\"description\":\"\",\"publisher\":{\"@id\":\"https:\\\/\\\/greenseasmotel.com\\\/es\\\/#organization\"},\"potentialAction\":[{\"@type\":\"SearchAction\",\"target\":{\"@type\":\"EntryPoint\",\"urlTemplate\":\"https:\\\/\\\/greenseasmotel.com\\\/es\\\/?s={search_term_string}\"},\"query-input\":{\"@type\":\"PropertyValueSpecification\",\"valueRequired\":true,\"valueName\":\"search_term_string\"}}],\"inLanguage\":\"es\"},{\"@type\":\"Organization\",\"@id\":\"https:\\\/\\\/greenseasmotel.com\\\/es\\\/#organization\",\"name\":\"Green Seas Motel\",\"url\":\"https:\\\/\\\/greenseasmotel.com\\\/es\\\/\",\"logo\":{\"@type\":\"ImageObject\",\"inLanguage\":\"es\",\"@id\":\"https:\\\/\\\/greenseasmotel.com\\\/es\\\/#\\\/schema\\\/logo\\\/image\\\/\",\"url\":\"https:\\\/\\\/greenseasmotel.com\\\/wp-content\\\/uploads\\\/2024\\\/06\\\/Green-Seas-Motel-logo.png\",\"contentUrl\":\"https:\\\/\\\/greenseasmotel.com\\\/wp-content\\\/uploads\\\/2024\\\/06\\\/Green-Seas-Motel-logo.png\",\"width\":300,\"height\":211,\"caption\":\"Green Seas Motel\"},\"image\":{\"@id\":\"https:\\\/\\\/greenseasmotel.com\\\/es\\\/#\\\/schema\\\/logo\\\/image\\\/\"}}]}<\/script>\n<!-- \/ Yoast SEO plugin. -->","yoast_head_json":{"title":"Qui\u00e9nes somos - Descuentos - Pol\u00edticas - Green Seas Motel","robots":{"index":"index","follow":"follow","max-snippet":"max-snippet:-1","max-image-preview":"max-image-preview:large","max-video-preview":"max-video-preview:-1"},"canonical":"https:\/\/greenseasmotel.com\/es\/acerca-de-richards-motel\/","og_locale":"es_ES","og_type":"article","og_title":"Qui\u00e9nes somos - Descuentos - Pol\u00edticas - Green Seas Motel","og_description":"Sobre el Motel Green Seas &nbsp; Bienvenido al Motel Green Seas &nbsp; La nueva direcci\u00f3n estar\u00e1 encantada de darte la bienvenida y ofrecerte un mejor servicio con recepci\u00f3n 24 horas En el Motel Green Seas encontrar\u00e1s habitaciones adaptadas a tus necesidades. La limpieza diaria est\u00e1 incluida en el precio de la habitaci\u00f3n Disfruta de la [&hellip;]","og_url":"https:\/\/greenseasmotel.com\/es\/acerca-de-richards-motel\/","og_site_name":"Green Seas Motel","article_modified_time":"2024-07-04T13:35:34+00:00","twitter_card":"summary_large_image","twitter_misc":{"Tiempo de lectura":"8 minutos"},"schema":{"@context":"https:\/\/schema.org","@graph":[{"@type":"WebPage","@id":"https:\/\/greenseasmotel.com\/es\/acerca-de-richards-motel\/","url":"https:\/\/greenseasmotel.com\/es\/acerca-de-richards-motel\/","name":"Qui\u00e9nes somos - Descuentos - Pol\u00edticas - Green Seas Motel","isPartOf":{"@id":"https:\/\/greenseasmotel.com\/es\/#website"},"datePublished":"2023-11-26T17:55:25+00:00","dateModified":"2024-07-04T13:35:34+00:00","breadcrumb":{"@id":"https:\/\/greenseasmotel.com\/es\/acerca-de-richards-motel\/#breadcrumb"},"inLanguage":"es","potentialAction":[{"@type":"ReadAction","target":["https:\/\/greenseasmotel.com\/es\/acerca-de-richards-motel\/"]}]},{"@type":"BreadcrumbList","@id":"https:\/\/greenseasmotel.com\/es\/acerca-de-richards-motel\/#breadcrumb","itemListElement":[{"@type":"ListItem","position":1,"name":"Home","item":"https:\/\/greenseasmotel.com\/es\/inicio\/"},{"@type":"ListItem","position":2,"name":"Qui\u00e9nes somos &#8211; Descuentos &#8211; Pol\u00edticas"}]},{"@type":"WebSite","@id":"https:\/\/greenseasmotel.com\/es\/#website","url":"https:\/\/greenseasmotel.com\/es\/","name":"Green Seas Motel","description":"","publisher":{"@id":"https:\/\/greenseasmotel.com\/es\/#organization"},"potentialAction":[{"@type":"SearchAction","target":{"@type":"EntryPoint","urlTemplate":"https:\/\/greenseasmotel.com\/es\/?s={search_term_string}"},"query-input":{"@type":"PropertyValueSpecification","valueRequired":true,"valueName":"search_term_string"}}],"inLanguage":"es"},{"@type":"Organization","@id":"https:\/\/greenseasmotel.com\/es\/#organization","name":"Green Seas Motel","url":"https:\/\/greenseasmotel.com\/es\/","logo":{"@type":"ImageObject","inLanguage":"es","@id":"https:\/\/greenseasmotel.com\/es\/#\/schema\/logo\/image\/","url":"https:\/\/greenseasmotel.com\/wp-content\/uploads\/2024\/06\/Green-Seas-Motel-logo.png","contentUrl":"https:\/\/greenseasmotel.com\/wp-content\/uploads\/2024\/06\/Green-Seas-Motel-logo.png","width":300,"height":211,"caption":"Green Seas Motel"},"image":{"@id":"https:\/\/greenseasmotel.com\/es\/#\/schema\/logo\/image\/"}}]}},"_links":{"self":[{"href":"https:\/\/greenseasmotel.com\/es\/wp-json\/wp\/v2\/pages\/1529","targetHints":{"allow":["GET"]}}],"collection":[{"href":"https:\/\/greenseasmotel.com\/es\/wp-json\/wp\/v2\/pages"}],"about":[{"href":"https:\/\/greenseasmotel.com\/es\/wp-json\/wp\/v2\/types\/page"}],"author":[{"embeddable":true,"href":"https:\/\/greenseasmotel.com\/es\/wp-json\/wp\/v2\/users\/1"}],"replies":[{"embeddable":true,"href":"https:\/\/greenseasmotel.com\/es\/wp-json\/wp\/v2\/comments?post=1529"}],"version-history":[{"count":45,"href":"https:\/\/greenseasmotel.com\/es\/wp-json\/wp\/v2\/pages\/1529\/revisions"}],"predecessor-version":[{"id":3311,"href":"https:\/\/greenseasmotel.com\/es\/wp-json\/wp\/v2\/pages\/1529\/revisions\/3311"}],"wp:attachment":[{"href":"https:\/\/greenseasmotel.com\/es\/wp-json\/wp\/v2\/media?parent=1529"}],"curies":[{"name":"wp","href":"https:\/\/api.w.org\/{rel}","templated":true}]}}